{"id":65,"date":"2024-03-24T11:02:49","date_gmt":"2024-03-24T11:02:49","guid":{"rendered":"https:\/\/www.ullanluonnontuotteet.fi\/?page_id=65"},"modified":"2024-08-06T09:25:05","modified_gmt":"2024-08-06T09:25:05","slug":"tuotteet","status":"publish","type":"page","link":"https:\/\/www.ullanluonnontuotteet.fi\/9-2\/tuotteet\/","title":{"rendered":"Tuotteet"},"content":{"rendered":"\n<p class=\"has-background-background-color has-text-color has-background has-link-color wp-elements-8b9163e90c3dac9a5e8b713fa79b8ee6\" style=\"color:#000000\">Tuotteeni ovat valmistettu p\u00e4\u00e4osin l\u00e4himetsien ja itsekasvatetuista raaka-aineista.<br>K\u00e4yt\u00e4n tuotteissa marjoja, sieni\u00e4 sek\u00e4 yrttej\u00e4 uusilla ja perinteisill\u00e4 tavoilla.<br><br>Kotimaiset luonnontuotteet taipuvat moneksi antaen luonnollisen herkullista makua.<\/p>\n\n\n\n<p class=\"has-text-color has-link-color wp-elements-e26554c5005756afe632ff430c1b59bb\" style=\"color:#000000\"><strong>Tuotteita voi ostaa j\u00e4lleenmyyjilt\u00e4:<\/strong> <\/p>\n\n\n\n<p class=\"has-text-color has-link-color wp-elements-0209bfd5c22c4a4c19ca567682c849e3\" style=\"color:#000000\"><a href=\"https:\/\/iloinenpassi.fi\/\" data-type=\"link\" data-id=\"https:\/\/iloinenpassi.fi\/\">Iloisen p\u00e4ssin maalaispuoti <\/a><\/p>\n\n\n\n<p class=\"has-text-color has-link-color wp-elements-7c8b40b96674e231eb41d44129563e06\" style=\"color:#000000\"><a href=\"https:\/\/lahtelahighland-fi.webnode.fi\/bonuksen-putiikki\/\" data-type=\"link\" data-id=\"https:\/\/lahtelahighland-fi.webnode.fi\/bonuksen-putiikki\/\">Lahtela Highland &#8211; bonuksen putiikki<\/a><\/p>\n\n\n\n<p class=\"has-text-color has-link-color wp-elements-f37bdb8ce145d7a83be0a8c603ba468f\" style=\"color:#000000\"><a href=\"https:\/\/www.harjunportti.fi\/\" data-type=\"link\" data-id=\"https:\/\/www.harjunportti.fi\/\">Harjun portin kes\u00e4myym\u00e4l\u00e4<\/a><\/p>\n\n\n\n<p class=\"has-text-color has-link-color wp-elements-f9beee5184af6215b4bebcb04dbd2bf8\" style=\"color:#000000\"><a href=\"https:\/\/wanhamannila.fi\/\" data-type=\"link\" data-id=\"https:\/\/wanhamannila.fi\/\">Wanha Mannila<\/a><\/p>\n\n\n\n<p class=\"has-text-color has-link-color wp-elements-1f22a953a3010fbf4c9a103100dee5c2\" style=\"color:#000000\"><strong>Tai tule ostoksille tilamyym\u00e4l\u00e4\u00e4n Rautalahdelle<\/strong><\/p>\n\n\n\n<p class=\"has-text-color has-link-color wp-elements-58c0505b17d414669aea0d49bf30a122\" style=\"color:#000000\">Varmista tulemisesi puhelimitse 0504057043, Ulla<\/p>\n\n\n\n<p><\/p>\n\n\n\n<div class=\"wp-block-group has-global-padding is-layout-constrained wp-block-group-is-layout-constrained\">\n<div class=\"wp-block-media-text is-stacked-on-mobile has-text-color has-link-color wp-elements-59e0807ecbc3e08ae6ad37331531e4e1\" style=\"color:#000000;margin-top:0;margin-bottom:0;padding-top:0;padding-right:0;padding-bottom:0;padding-left:0;grid-template-columns:36% auto\"><figure class=\"wp-block-media-text__media\"><img loading=\"lazy\" decoding=\"async\" width=\"640\" height=\"427\" src=\"http:\/\/www.ullanluonnontuotteet.fi\/wp-content\/uploads\/2024\/03\/lingonberry-5613693_640.jpg\" alt=\"\" class=\"wp-image-75 size-full\" srcset=\"https:\/\/www.ullanluonnontuotteet.fi\/wp-content\/uploads\/2024\/03\/lingonberry-5613693_640.jpg 640w, https:\/\/www.ullanluonnontuotteet.fi\/wp-content\/uploads\/2024\/03\/lingonberry-5613693_640-300x200.jpg 300w\" sizes=\"auto, (max-width: 640px) 100vw, 640px\" \/><\/figure><div class=\"wp-block-media-text__content\">\n<p><strong>Marjoista<\/strong><\/p>\n\n\n\n<ul class=\"wp-block-list\">\n<li>Marmeladimakeiset<\/li>\n\n\n\n<li>Mets\u00e4paholaisenhillo<\/li>\n\n\n\n<li>Karpalogl\u00f6gi<\/li>\n<\/ul>\n<\/div><\/div>\n\n\n\n<div class=\"wp-block-media-text is-stacked-on-mobile has-text-color has-link-color wp-elements-f5b0a09e89dfcfb70173d8d52848f432\" style=\"color:#000000;margin-top:0;margin-bottom:0;padding-top:0;padding-right:0;padding-bottom:0;padding-left:0;grid-template-columns:36% auto\"><figure class=\"wp-block-media-text__media\"><img loading=\"lazy\" decoding=\"async\" width=\"500\" height=\"750\" src=\"http:\/\/www.ullanluonnontuotteet.fi\/wp-content\/uploads\/2024\/03\/sienisuola.jpg\" alt=\"\" class=\"wp-image-32 size-full\" srcset=\"https:\/\/www.ullanluonnontuotteet.fi\/wp-content\/uploads\/2024\/03\/sienisuola.jpg 500w, https:\/\/www.ullanluonnontuotteet.fi\/wp-content\/uploads\/2024\/03\/sienisuola-200x300.jpg 200w\" sizes=\"auto, (max-width: 500px) 100vw, 500px\" \/><\/figure><div class=\"wp-block-media-text__content\">\n<p><strong>Sienist\u00e4<\/strong><\/p>\n\n\n\n<ul class=\"wp-block-list\">\n<li>Mausteet<\/li>\n\n\n\n<li>Kastikkeet<\/li>\n\n\n\n<li>Kuivatut sienet<\/li>\n\n\n\n<li>Pakurituotteet<\/li>\n<\/ul>\n<\/div><\/div>\n\n\n\n<div class=\"wp-block-media-text is-stacked-on-mobile has-text-color has-link-color wp-elements-14555051a8fb9c3c8b6efca970dd3641\" style=\"color:#000000;margin-top:0;margin-bottom:0;padding-top:0;padding-right:0;padding-bottom:0;padding-left:0;grid-template-columns:36% auto\"><figure class=\"wp-block-media-text__media\"><img loading=\"lazy\" decoding=\"async\" width=\"1024\" height=\"1024\" src=\"http:\/\/www.ullanluonnontuotteet.fi\/wp-content\/uploads\/2024\/03\/kuusensiirappi-1-1-1024x1024.jpg\" alt=\"\" class=\"wp-image-52 size-full\" srcset=\"https:\/\/www.ullanluonnontuotteet.fi\/wp-content\/uploads\/2024\/03\/kuusensiirappi-1-1-1024x1024.jpg 1024w, https:\/\/www.ullanluonnontuotteet.fi\/wp-content\/uploads\/2024\/03\/kuusensiirappi-1-1-300x300.jpg 300w, https:\/\/www.ullanluonnontuotteet.fi\/wp-content\/uploads\/2024\/03\/kuusensiirappi-1-1-150x150.jpg 150w, https:\/\/www.ullanluonnontuotteet.fi\/wp-content\/uploads\/2024\/03\/kuusensiirappi-1-1-768x768.jpg 768w, https:\/\/www.ullanluonnontuotteet.fi\/wp-content\/uploads\/2024\/03\/kuusensiirappi-1-1-1536x1536.jpg 1536w, https:\/\/www.ullanluonnontuotteet.fi\/wp-content\/uploads\/2024\/03\/kuusensiirappi-1-1-2048x2048.jpg 2048w\" sizes=\"auto, (max-width: 1024px) 100vw, 1024px\" \/><\/figure><div class=\"wp-block-media-text__content\">\n<p><strong>Yrteist\u00e4<\/strong><\/p>\n\n\n\n<ul class=\"wp-block-list\">\n<li>Lehtijuomat<\/li>\n\n\n\n<li>Kuusenkerkk\u00e4siirappi<\/li>\n\n\n\n<li>\u00d6ljyt<\/li>\n\n\n\n<li>Kuivatut yrtit<\/li>\n\n\n\n<li>Mausteet<\/li>\n\n\n\n<li>Kissanminttu<\/li>\n<\/ul>\n<\/div><\/div>\n\n\n\n<div class=\"wp-block-media-text is-stacked-on-mobile has-text-color has-link-color wp-elements-37c9c1e7f49de5a8806c8c2e6ec88c01\" style=\"color:#000000;margin-top:0;margin-bottom:0;padding-top:0;padding-right:0;padding-bottom:0;padding-left:0;grid-template-columns:36% auto\"><figure class=\"wp-block-media-text__media\"><img loading=\"lazy\" decoding=\"async\" width=\"500\" height=\"500\" src=\"http:\/\/www.ullanluonnontuotteet.fi\/wp-content\/uploads\/2024\/03\/partavaha-e1711270985307.jpg\" alt=\"\" class=\"wp-image-25 size-full\" srcset=\"https:\/\/www.ullanluonnontuotteet.fi\/wp-content\/uploads\/2024\/03\/partavaha-e1711270985307.jpg 500w, https:\/\/www.ullanluonnontuotteet.fi\/wp-content\/uploads\/2024\/03\/partavaha-e1711270985307-300x300.jpg 300w, https:\/\/www.ullanluonnontuotteet.fi\/wp-content\/uploads\/2024\/03\/partavaha-e1711270985307-150x150.jpg 150w\" sizes=\"auto, (max-width: 500px) 100vw, 500px\" \/><\/figure><div class=\"wp-block-media-text__content\">\n<p><strong>Hoivatuotteet luonnosta<\/strong><\/p>\n\n\n\n<ul class=\"wp-block-list\">\n<li>Partavaha<\/li>\n\n\n\n<li>Pihkavoide<\/li>\n\n\n\n<li>Tuoksupussit<\/li>\n<\/ul>\n<\/div><\/div>\n\n\n\n<div class=\"wp-block-media-text is-stacked-on-mobile has-text-color has-link-color wp-elements-9cc235dc0d3876e938c1134aa20b29b5\" style=\"color:#000000;margin-top:0;margin-bottom:0;padding-top:0;padding-right:0;padding-bottom:0;padding-left:0;grid-template-columns:36% auto\"><figure class=\"wp-block-media-text__media\"><img loading=\"lazy\" decoding=\"async\" width=\"500\" height=\"577\" src=\"http:\/\/www.ullanluonnontuotteet.fi\/wp-content\/uploads\/2024\/03\/Pettulevy.jpg\" alt=\"\" class=\"wp-image-28 size-full\" srcset=\"https:\/\/www.ullanluonnontuotteet.fi\/wp-content\/uploads\/2024\/03\/Pettulevy.jpg 500w, https:\/\/www.ullanluonnontuotteet.fi\/wp-content\/uploads\/2024\/03\/Pettulevy-260x300.jpg 260w\" sizes=\"auto, (max-width: 500px) 100vw, 500px\" \/><\/figure><div class=\"wp-block-media-text__content\">\n<p><strong>Muut hyv\u00e4t<\/strong><\/p>\n\n\n\n<ul class=\"wp-block-list\">\n<li>Parikkala- sinappi<\/li>\n\n\n\n<li>Salaatinkastike<\/li>\n\n\n\n<li>Pettujauhe<\/li>\n<\/ul>\n<\/div><\/div>\n<\/div>\n\n\n\n<p><\/p>\n","protected":false},"excerpt":{"rendered":"<p>Tuotteeni ovat valmistettu p\u00e4\u00e4osin l\u00e4himetsien ja itsekasvatetuista raaka-aineista.K\u00e4yt\u00e4n tuotteissa marjoja, sieni\u00e4 sek\u00e4 yrttej\u00e4 uusilla ja perinteisill\u00e4 tavoilla. Kotimaiset luonnontuotteet taipuvat moneksi antaen luonnollisen herkullista makua. Tuotteita voi ostaa j\u00e4lleenmyyjilt\u00e4: Iloisen p\u00e4ssin maalaispuoti Lahtela Highland &#8211; bonuksen putiikki Harjun portin kes\u00e4myym\u00e4l\u00e4 Wanha Mannila Tai tule ostoksille tilamyym\u00e4l\u00e4\u00e4n Rautalahdelle Varmista tulemisesi puhelimitse 0504057043, Ulla Marjoista Sienist\u00e4 Yrteist\u00e4 [&hellip;]<\/p>\n","protected":false},"author":1,"featured_media":0,"parent":0,"menu_order":0,"comment_status":"closed","ping_status":"closed","template":"","meta":{"footnotes":""},"class_list":["post-65","page","type-page","status-publish","hentry"],"_links":{"self":[{"href":"https:\/\/www.ullanluonnontuotteet.fi\/9-2\/wp-json\/wp\/v2\/pages\/65","targetHints":{"allow":["GET"]}}],"collection":[{"href":"https:\/\/www.ullanluonnontuotteet.fi\/9-2\/wp-json\/wp\/v2\/pages"}],"about":[{"href":"https:\/\/www.ullanluonnontuotteet.fi\/9-2\/wp-json\/wp\/v2\/types\/page"}],"author":[{"embeddable":true,"href":"https:\/\/www.ullanluonnontuotteet.fi\/9-2\/wp-json\/wp\/v2\/users\/1"}],"replies":[{"embeddable":true,"href":"https:\/\/www.ullanluonnontuotteet.fi\/9-2\/wp-json\/wp\/v2\/comments?post=65"}],"version-history":[{"count":10,"href":"https:\/\/www.ullanluonnontuotteet.fi\/9-2\/wp-json\/wp\/v2\/pages\/65\/revisions"}],"predecessor-version":[{"id":121,"href":"https:\/\/www.ullanluonnontuotteet.fi\/9-2\/wp-json\/wp\/v2\/pages\/65\/revisions\/121"}],"wp:attachment":[{"href":"https:\/\/www.ullanluonnontuotteet.fi\/9-2\/wp-json\/wp\/v2\/media?parent=65"}],"curies":[{"name":"wp","href":"https:\/\/api.w.org\/{rel}","templated":true}]}}